{"id":81,"date":"2025-01-01T19:57:41","date_gmt":"2025-01-01T18:57:41","guid":{"rendered":"https:\/\/cus.bedzino.pl\/?page_id=81"},"modified":"2025-03-17T07:23:51","modified_gmt":"2025-03-17T06:23:51","slug":"harmonogram-wyplat","status":"publish","type":"page","link":"https:\/\/cus.bedzino.pl\/?page_id=81","title":{"rendered":"Harmonogram wyp\u0142at"},"content":{"rendered":"\n<p>Terminy wyp\u0142at \u015bwiadcze\u0144 przez CUS w B\u0119dzinie w 2025 roku<\/p>\n\n\n\n<p class=\"has-accent-3-color has-text-color has-link-color wp-elements-715e7c50441f7dc4085ad1ffcc0f3c0b\">UWAGA! Harmonogram w dniu 17 marca 2025 zosta\u0142 zaktualizowany!<\/p>\n\n\n\n<figure class=\"wp-block-table\"><table class=\"has-fixed-layout\"><tbody><tr><td class=\"has-text-align-left\" data-align=\"left\"><\/td><td class=\"has-text-align-center\" data-align=\"center\">dodatek mieszkaniowy<\/td><td class=\"has-text-align-center\" data-align=\"center\">fundusz alimentacyjny<\/td><td class=\"has-text-align-center\" data-align=\"center\">\u015bwiadczenia rodzinne<\/td><td class=\"has-text-align-center\" data-align=\"center\">zasi\u0142ki sta\u0142e, celowe, okresowe<\/td><\/tr><tr><td class=\"has-text-align-left\" data-align=\"left\">stycze\u0144<\/td><td class=\"has-text-align-center\" data-align=\"center\">7<\/td><td class=\"has-text-align-center\" data-align=\"center\">23<\/td><td class=\"has-text-align-center\" data-align=\"center\">23<\/td><td class=\"has-text-align-center\" data-align=\"center\">23<\/td><\/tr><tr><td class=\"has-text-align-left\" data-align=\"left\">luty<\/td><td class=\"has-text-align-center\" data-align=\"center\">6<\/td><td class=\"has-text-align-center\" data-align=\"center\">24<\/td><td class=\"has-text-align-center\" data-align=\"center\">24<\/td><td class=\"has-text-align-center\" data-align=\"center\">24<\/td><\/tr><tr><td class=\"has-text-align-left\" data-align=\"left\">marzec<\/td><td class=\"has-text-align-center\" data-align=\"center\">6<\/td><td class=\"has-text-align-center\" data-align=\"center\">24<\/td><td class=\"has-text-align-center\" data-align=\"center\">24<\/td><td class=\"has-text-align-center\" data-align=\"center\">27<\/td><\/tr><tr><td class=\"has-text-align-left\" data-align=\"left\">kwiecie\u0144<\/td><td class=\"has-text-align-center\" data-align=\"center\">7<\/td><td class=\"has-text-align-center\" data-align=\"center\">24<\/td><td class=\"has-text-align-center\" data-align=\"center\">24<\/td><td class=\"has-text-align-center\" data-align=\"center\">28<\/td><\/tr><tr><td class=\"has-text-align-left\" data-align=\"left\">maj<\/td><td class=\"has-text-align-center\" data-align=\"center\">5<\/td><td class=\"has-text-align-center\" data-align=\"center\">22<\/td><td class=\"has-text-align-center\" data-align=\"center\">22<\/td><td class=\"has-text-align-center\" data-align=\"center\">28<\/td><\/tr><tr><td class=\"has-text-align-left\" data-align=\"left\">czerwiec<\/td><td class=\"has-text-align-center\" data-align=\"center\">6<\/td><td class=\"has-text-align-center\" data-align=\"center\">24<\/td><td class=\"has-text-align-center\" data-align=\"center\">24<\/td><td class=\"has-text-align-center\" data-align=\"center\">26<\/td><\/tr><tr><td class=\"has-text-align-left\" data-align=\"left\">lipiec<\/td><td class=\"has-text-align-center\" data-align=\"center\">7<\/td><td class=\"has-text-align-center\" data-align=\"center\">24<\/td><td class=\"has-text-align-center\" data-align=\"center\">24<\/td><td class=\"has-text-align-center\" data-align=\"center\">28<\/td><\/tr><tr><td class=\"has-text-align-left\" data-align=\"left\">sierpie\u0144<\/td><td class=\"has-text-align-center\" data-align=\"center\">6<\/td><td class=\"has-text-align-center\" data-align=\"center\">21<\/td><td class=\"has-text-align-center\" data-align=\"center\">21<\/td><td class=\"has-text-align-center\" data-align=\"center\">27<\/td><\/tr><tr><td class=\"has-text-align-left\" data-align=\"left\">wrzesie\u0144<\/td><td class=\"has-text-align-center\" data-align=\"center\">5<\/td><td class=\"has-text-align-center\" data-align=\"center\">24<\/td><td class=\"has-text-align-center\" data-align=\"center\">24<\/td><td class=\"has-text-align-center\" data-align=\"center\">26<\/td><\/tr><tr><td class=\"has-text-align-left\" data-align=\"left\">pa\u017adziernik<\/td><td class=\"has-text-align-center\" data-align=\"center\">6<\/td><td class=\"has-text-align-center\" data-align=\"center\">23<\/td><td class=\"has-text-align-center\" data-align=\"center\">23<\/td><td class=\"has-text-align-center\" data-align=\"center\">28<\/td><\/tr><tr><td class=\"has-text-align-left\" data-align=\"left\">listopad<\/td><td class=\"has-text-align-center\" data-align=\"center\">6<\/td><td class=\"has-text-align-center\" data-align=\"center\">24<\/td><td class=\"has-text-align-center\" data-align=\"center\">24<\/td><td class=\"has-text-align-center\" data-align=\"center\">26<\/td><\/tr><tr><td class=\"has-text-align-left\" data-align=\"left\">grudzie\u0144<\/td><td class=\"has-text-align-center\" data-align=\"center\">5<\/td><td class=\"has-text-align-center\" data-align=\"center\">16<\/td><td class=\"has-text-align-center\" data-align=\"center\">16<\/td><td class=\"has-text-align-center\" data-align=\"center\">19<\/td><\/tr><\/tbody><\/table><\/figure>\n","protected":false},"excerpt":{"rendered":"<p>Terminy wyp\u0142at \u015bwiadcze\u0144 przez CUS w B\u0119dzinie w 2025 roku UWAGA! Harmonogram w dniu 17 marca 2025 zosta\u0142 zaktualizowany! dodatek mieszkaniowy fundusz alimentacyjny \u015bwiadczenia rodzinne zasi\u0142ki sta\u0142e, celowe, okresowe stycze\u0144 7 23 23 23 luty 6 24 24 24 marzec&#8230; <a href=\"https:\/\/cus.bedzino.pl\/?page_id=81\" class=\"readmore\">Dowiedz si\u0119 wi\u0119cej<span class=\"screen-reader-text\">Harmonogram wyp\u0142at<\/span><span class=\"fa fa-angle-double-right\" aria-hidden=\"true\"><\/span><\/a><\/p>\n","protected":false},"author":2,"featured_media":0,"parent":0,"menu_order":0,"comment_status":"closed","ping_status":"closed","template":"","meta":{"footnotes":""},"class_list":["post-81","page","type-page","status-publish","hentry"],"_links":{"self":[{"href":"https:\/\/cus.bedzino.pl\/index.php?rest_route=\/wp\/v2\/pages\/81","targetHints":{"allow":["GET"]}}],"collection":[{"href":"https:\/\/cus.bedzino.pl\/index.php?rest_route=\/wp\/v2\/pages"}],"about":[{"href":"https:\/\/cus.bedzino.pl\/index.php?rest_route=\/wp\/v2\/types\/page"}],"author":[{"embeddable":true,"href":"https:\/\/cus.bedzino.pl\/index.php?rest_route=\/wp\/v2\/users\/2"}],"replies":[{"embeddable":true,"href":"https:\/\/cus.bedzino.pl\/index.php?rest_route=%2Fwp%2Fv2%2Fcomments&post=81"}],"version-history":[{"count":4,"href":"https:\/\/cus.bedzino.pl\/index.php?rest_route=\/wp\/v2\/pages\/81\/revisions"}],"predecessor-version":[{"id":405,"href":"https:\/\/cus.bedzino.pl\/index.php?rest_route=\/wp\/v2\/pages\/81\/revisions\/405"}],"wp:attachment":[{"href":"https:\/\/cus.bedzino.pl\/index.php?rest_route=%2Fwp%2Fv2%2Fmedia&parent=81"}],"curies":[{"name":"wp","href":"https:\/\/api.w.org\/{rel}","templated":true}]}}