{"id":340,"date":"2025-02-28T08:44:56","date_gmt":"2025-02-28T07:44:56","guid":{"rendered":"https:\/\/cus.bedzino.pl\/?page_id=340"},"modified":"2025-02-28T08:51:27","modified_gmt":"2025-02-28T07:51:27","slug":"domy-pomocy-spolecznej","status":"publish","type":"page","link":"https:\/\/cus.bedzino.pl\/?page_id=340","title":{"rendered":"Domy pomocy spo\u0142ecznej"},"content":{"rendered":"\n<p>Dom Pomocy Spo\u0142ecznej, czyli DPS to plac\u00f3wka opieku\u0144cza dla os\u00f3b, kt\u00f3re wymagaj\u0105 ca\u0142odobowej opieki specjalistycznej. Do DPS-\u00f3w najcz\u0119\u015bciej trafiaj\u0105 osoby przewlekle chore, niepe\u0142nosprawne lub zmagaj\u0105ce si\u0119 z takimi chorobami podesz\u0142ego wieku jak demencja. DPS zapewnia zakwaterowanie, pomoc medyczn\u0105 i opiek\u0119 wyspecjalizowanego personelu 24h\/dob\u0119. W Polsce DPS-y mog\u0105 by\u0107 prowadzone przez samorz\u0105dy terytorialne, zwi\u0105zki wyznaniowe, fundacje, stowarzyszenia i osoby fizyczne.<\/p>\n\n\n\n<p><\/p>\n\n\n\n<p><\/p>\n\n\n\n<p><strong>Dom Pomocy Spo\u0142ecznej. Procedura przyj\u0119cia krok po kroku<\/strong><\/p>\n\n\n\n<ol start=\"1\" class=\"wp-block-list\">\n<li>Skierowanie do Domu Pomocy Spo\u0142ecznej mo\u017ce otrzyma\u0107 osoba, kt\u00f3ra wymaga ca\u0142odobowej opieki ze wzgl\u0119du na podesz\u0142y wiek, przewlek\u0142e choroby, niepe\u0142nosprawno\u015b\u0107 intelektualn\u0105 lub fizyczn\u0105. DPS zaspokaja potrzeby bytowe, opieku\u0144cze i wspomagaj\u0105ce. Zaliczamy do nich przede wszystkim zapewnienie zakwaterowania i wy\u017cywienia, piel\u0119gnacj\u0119 i udzielanie pomocy we wszelkich czynno\u015bciach \u017cyciowych oraz prowadzenie terapii zaj\u0119ciowych. Dom pomocy spo\u0142ecznej mo\u017ce \u015bwiadczy\u0107 tak\u017ce us\u0142ugi wsparcia kr\u00f3tkoterminowego w formie pobytu ca\u0142odobowego lub w formie dziennej osobom pe\u0142noletnim, wymagaj\u0105cym wsparcia z powodu wieku, choroby lub niepe\u0142nosprawno\u015bci, nieb\u0119d\u0105cym mieszka\u0144cami domu, ze wzgl\u0119du na czasowe ograniczenie mo\u017cliwo\u015bci zapewnienia w\u0142a\u015bciwego wsparcia w miejscu zamieszkania przez osoby na co dzie\u0144 sprawuj\u0105ce opiek\u0119 nad t\u0105 osob\u0105.<\/li>\n<\/ol>\n\n\n\n<ol start=\"1\" class=\"wp-block-list\">\n<li><strong>Pobyt w DPS-ie wymaga uzyskania stosownego skierowania. Skierowanie do Domu Pomocy Spo\u0142ecznej wydawane jest przez organ gminy w\u0142a\u015bciwy ze wzgl\u0119du na miejsce zamieszkania.<\/strong> <strong>&nbsp;<\/strong>Decyzj\u0119 o umieszczeniu w domu pomocy spo\u0142ecznej wydaje organ gminy prowadz\u0105cej dom pomocy spo\u0142ecznej lub starosta powiatu prowadz\u0105cego dom pomocy spo\u0142ecznej. W przypadku regionalnych dom\u00f3w pomocy spo\u0142ecznej decyzj\u0119 wydaje marsza\u0142ek wojew\u00f3dztwa Do obowi\u0105zk\u00f3w gminy nale\u017cy prowadzenie DPS-\u00f3w, zapewnienie odpowiedniej ilo\u015bci miejsc w plac\u00f3wkach, kierowanie do nich os\u00f3b &nbsp;potrzebuj\u0105cych, regulowanie p\u0142atno\u015bci za pobyt mieszka\u0144ca gminy &nbsp;&nbsp;w plac\u00f3wce je\u015bli brak os\u00f3b uprawnionych do alimentacji lub w przypadku braku mo\u017cliwo\u015bci wnoszenia op\u0142at przez uprawnione osoby. &nbsp;&nbsp;<\/li>\n\n\n\n<li><strong>Post\u0119powanie o wydanie skierowania dla os\u00f3b zameldowanych na terenie Gminy B\u0119dzino wszczynane jest przez Centrum Us\u0142ug Spo\u0142ecznych w B\u0119dzinie na podstawie wniosku.<\/strong>&nbsp;Wniosek nie musi by\u0107&nbsp; z\u0142o\u017cony osobi\u015bcie przez osob\u0119 zainteresowan\u0105, prawo dopuszcza udzia\u0142 po\u015brednika&nbsp;w post\u0119powaniu o skierowanie. Wniosek mo\u017ce z\u0142o\u017cy\u0107 r\u00f3wnie\u017c Powiatowe Centrum Pomocy Rodzinie lub Centrum Us\u0142ug Spo\u0142ecznych. Wa\u017cne jest jedynie, aby znalaz\u0142a si\u0119 na nim <strong>zgoda<\/strong> zainteresowanego na umieszczenie w Domu Pomocy Spo\u0142ecznej. Post\u0119powanie nie powinno zaj\u0105\u0107 wi\u0119cej ni\u017c 30 dni. Do wniosku,&nbsp; do\u0142\u0105cza si\u0119 o\u015bwiadczenie o sytuacji osobistej i dochodowej osoby ubiegaj\u0105cej si\u0119 o us\u0142ugi wsparcia d\u0142ugo lub kr\u00f3tkoterminowego, a tak\u017ce dokumenty umo\u017cliwiaj\u0105ce stwierdzenie okoliczno\u015bci,&nbsp; wskazuj\u0105ce na rodzaj i zakres wsparcia, kt\u00f3rego wymaga ta osoba.<\/li>\n<\/ol>\n\n\n\n<ol start=\"3\" class=\"wp-block-list\">\n<li>Kierowanie do DPS-\u00f3w odbywa si\u0119 na podstawie postanowie\u0144 <strong><em>Ustawy z dnia 12 marca 2004 r. o pomocy spo\u0142ecznej<\/em><\/strong>. Pracownik socjalny z O\u015brodka Pomocy Spo\u0142ecznej zapozna si\u0119 z dokumentami, potwierdzaj\u0105cymi sytuacj\u0119 \u017cyciow\u0105 zainteresowanego oraz przeprowadzi wywiad \u015brodowiskowy. Celem wywiadu \u015brodowiskowego jest stwierdzenie braku mo\u017cliwo\u015bci zapewnienia wnioskodawcy w\u0142a\u015bciwej opieki w miejscu zamieszkania. Skierowanie wydawane jest na czas nieokre\u015blony.<\/li>\n<\/ol>\n\n\n\n<ol start=\"4\" class=\"wp-block-list\">\n<li><strong>Do wydania decyzji o skierowanie do DPS-u niezb\u0119dne jest uzyskanie za\u015bwiadczenia lekarskiego.<\/strong> Lekarz specjalista przeprowadzi dok\u0142adne badanie i zapozna si\u0119 z dotychczasow\u0105 dokumentacj\u0105 medyczn\u0105. W niekt\u00f3rych przypadkach konieczne b\u0119dzie skierowanie pacjenta na dodatkowe badania. Bez za\u015bwiadczenia lekarskiego o konieczno\u015bci skierowania do DPS-u <strong>nie ma mo\u017cliwo\u015bci<\/strong>, aby uzyska\u0107 w\u0142a\u015bciwe skierowanie z organu gminnego.<\/li>\n<\/ol>\n\n\n\n<ol start=\"5\" class=\"wp-block-list\">\n<li><strong>Do za\u015bwiadczenia lekarskiego nale\u017cy r\u00f3wnie\u017c do\u0142\u0105czy\u0107 aktualn\u0105 decyzj\u0119 organu emerytalno-rentowego, za\u015bwiadczenie lekarza psychiatry, za\u015bwiadczenie psychologa oraz za\u015bwiadczenie o wysoko\u015bci dochod\u00f3w.<\/strong> Zainteresowany musi ponadto do\u0142\u0105czy\u0107 do wniosku pisemn\u0105 zgod\u0119 na ponoszenie op\u0142aty i potr\u0105canie jej w ustalonej cz\u0119\u015bci ze \u015bwiadczenia emerytalno-rentowego lub zasi\u0142ku.<\/li>\n<\/ol>\n\n\n\n<ol start=\"6\" class=\"wp-block-list\">\n<li><strong>Decyzj\u0119 o umieszczeniu w DPS-ie wydaje starosta powiatu, w kt\u00f3rej zlokalizowana jest plac\u00f3wka na podstawie otrzymanego skierowania. Pacjenci kierowani s\u0105 do DPS-\u00f3w, kt\u00f3re znajduj\u0105 si\u0119 jak najbli\u017cej ich miejsca zamieszkania.<\/strong> Pobyt w Domu Pomocy Spo\u0142ecznej jest odp\u0142atny w maksymalnej wysoko\u015bci 70% dochod\u00f3w mieszka\u0144ca. Op\u0142at\u0119 za pobyt mo\u017ce wnosi\u0107 mieszkaniec, jego ustawowy przedstawiciel, ma\u0142\u017conek lub inny cz\u0142onek rodziny. W przypadku braku mo\u017cliwo\u015bci wnoszenia op\u0142at przez wymienione osoby, obowi\u0105zek finansowy spoczywa na gminie. Miesi\u0119czny koszt utrzymania w DPS-ach ustalaj\u0105 w\u0142adze gminne ka\u017cdego roku. Obowi\u0105zani do wnoszenia op\u0142aty za pobyt w domu pomocy spo\u0142ecznej s\u0105 &nbsp;w kolejno\u015bci: 1) mieszkaniec domu, a w przypadku os\u00f3b ma\u0142oletnich przedstawiciel ustawowy z dochod\u00f3w dziecka, 2) ma\u0142\u017conek, zst\u0119pni przed wst\u0119pnymi, 3) gmina, z kt\u00f3rej osoba zosta\u0142a skierowana do domu pomocy spo\u0142ecznej \u2013 przy czym osoby i gmina okre\u015blone w pkt 2 i 3 nie maj\u0105 obowi\u0105zku wnoszenia op\u0142at, je\u017celi mieszkaniec domu ponosi pe\u0142n\u0105 odp\u0142atno\u015b\u0107.<\/li>\n<\/ol>\n\n\n\n<p><strong>&nbsp;7. Op\u0142at\u0119 za pobyt w domu pomocy spo\u0142ecznej wnosz\u0105:<\/strong><\/p>\n\n\n\n<p>1) mieszkaniec domu, nie wi\u0119cej jednak ni\u017c 70 % swojego dochodu, a w przypadku os\u00f3b ma\u0142oletnich przedstawiciel ustawowy z dochod\u00f3w dziecka, nie wi\u0119cej ni\u017c 70 % tego dochodu;<\/p>\n\n\n\n<p>2) ma\u0142\u017conek, zst\u0119pni przed wst\u0119pnymi \u2013 zgodnie z umow\u0105 zawart\u0105 w trybie art. 103 ust. 2, Ustawy z dnia 12 marca 2004r. o pomocy spo\u0142ecznej.<\/p>\n\n\n\n<p>3) gmina, z kt\u00f3rej osoba zosta\u0142a skierowana do domu pomocy spo\u0142ecznej \u2013 w wysoko\u015bci r\u00f3\u017cnicy mi\u0119dzy \u015brednim kosztem utrzymania w domu pomocy spo\u0142ecznej a op\u0142atami wnoszonymi przez osoby, o kt\u00f3rych mowa w pkt 1 i 2.<\/p>\n\n\n\n<p>Obowi\u0105zani do wnoszenia op\u0142aty za korzystanie z us\u0142ug wsparcia kr\u00f3tkoterminowego s\u0105 w kolejno\u015bci: 1) osoba korzystaj\u0105ca z us\u0142ug wsparcia kr\u00f3tkoterminowego, 2) gmina, kt\u00f3ra przyzna\u0142a us\u0142ugi wsparcia kr\u00f3tkoterminowego \u2013 przy czym gmina&nbsp; nie ma obowi\u0105zku wnoszenia op\u0142aty, je\u017celi osoba korzystaj\u0105ca z us\u0142ug wsparcia kr\u00f3tkoterminowego ponosi pe\u0142n\u0105 odp\u0142atno\u015b\u0107.<\/p>\n\n\n\n<p><strong>Co musisz wiedzie\u0107 o ZOL i ZPO<\/strong><\/p>\n\n\n\n<p>ZOL, czyli zak\u0142ad opieku\u0144czo-leczniczy, i ZPO, czyli zak\u0142ad piel\u0119gnacyjno-opieku\u0144czy, to miejsca, do kt\u00f3rych pacjent trafia, \u017ceby odzyska\u0107&nbsp;sprawno\u015b\u0107<\/p>\n\n\n\n<p><strong>Dla kogo ZOL i ZPO<\/strong><\/p>\n\n\n\n<p>ZOL i ZPO zapewniaj\u0105 piel\u0119gnacj\u0119 pacjent\u00f3w, kt\u00f3rzy nie wymagaj\u0105 hospitalizacji, ale nie s\u0105 samodzielni ze wzgl\u0119du na stan zdrowia. O\u015brodki sprawuj\u0105 opiek\u0119 medyczn\u0105 ca\u0142odobowo. G\u0142\u00f3wnie obejmuj\u0105 opiek\u0105 pacjent\u00f3w przewlekle chorych, z niepe\u0142nosprawno\u015bci\u0105 lub po ci\u0119\u017ckiej chorobie albo zabiegu operacyjnym. D\u0142ugo\u015b\u0107 pobytu w zak\u0142adzie jest uzale\u017cniona od stanu zdrowia i oceny w skali&nbsp;Barthel.<\/p>\n\n\n\n<p>Do zak\u0142adu opieku\u0144czo-leczniczego i zak\u0142adu piel\u0119gnacyjno-opieku\u0144czego mog\u0105 trafi\u0107 tyko osoby ubezpieczone lub maj\u0105ce inne prawo do korzystania ze&nbsp;\u015bwiadcze\u0144.<\/p>\n\n\n\n<p><strong>Jak\u0105 pomoc mo\u017cna uzyska\u0107 w&nbsp;zak\u0142adzie<\/strong><\/p>\n\n\n\n<p>Pacjent w zak\u0142adzie mo\u017ce liczy\u0107 na pomoc zespo\u0142u&nbsp;specjalist\u00f3w:<\/p>\n\n\n\n<ul class=\"wp-block-list\">\n<li>lekarzy, np. internisty, psychiatry,&nbsp;neurologa<\/li>\n\n\n\n<li>piel\u0119gniarek<\/li>\n\n\n\n<li>psychologa<\/li>\n\n\n\n<li>terapeuty&nbsp;zaj\u0119ciowego<\/li>\n\n\n\n<li>rehabilitanta<\/li>\n\n\n\n<li>dietetyka.<\/li>\n<\/ul>\n\n\n\n<p><strong>Jak dosta\u0107 si\u0119 do&nbsp;zak\u0142adu<\/strong><\/p>\n\n\n\n<p>Trzeba przygotowa\u0107 komplet&nbsp;dokument\u00f3w:<\/p>\n\n\n\n<ul class=\"wp-block-list\">\n<li>skierowanie od lekarza ubezpieczenia&nbsp;zdrowotnego<\/li>\n\n\n\n<li>ocen\u0119 w skali Barthel \u2013 od 0 do 40&nbsp;punkt\u00f3w<\/li>\n\n\n\n<li>dokumenty stwierdzaj\u0105ce wysoko\u015b\u0107 dochodu pacjenta, np. decyzj\u0119 o przyznaniu renty lub&nbsp;emerytury<\/li>\n\n\n\n<li>zgod\u0119&nbsp;pacjenta.<\/li>\n<\/ul>\n\n\n\n<p><strong>Ile kosztuje pobyt w&nbsp;zak\u0142adzie<\/strong><\/p>\n\n\n\n<p>Pobyt w zak\u0142adzie jest odp\u0142atny \u2013 70% dochodu pacjenta. W ramach tej op\u0142aty pacjent otrzymuje g\u0142\u00f3wnie wy\u017cywienie i zakwaterowanie. NFZ finansuje natomiast specjalistyczn\u0105 opiek\u0119 medyczn\u0105 \u2013 lekarza, piel\u0119gniarki, fizjoterapeuty \u2013 badania, leki i wyroby medyczne (np.&nbsp;pieluchomajtki).<\/p>\n\n\n\n<div class=\"wp-block-file\"><a id=\"wp-block-file--media-849dbdc9-4c48-40a4-a859-8f5b71d57efa\" href=\"https:\/\/cus.bedzino.pl\/wp-content\/uploads\/2025\/02\/Doc20250227154419.pdf\">Aktualne wysoko\u015bci op\u0142at w wybranych DPS na 2025 rok<\/a><a href=\"https:\/\/cus.bedzino.pl\/wp-content\/uploads\/2025\/02\/Doc20250227154419.pdf\" class=\"wp-block-file__button wp-element-button\" download aria-describedby=\"wp-block-file--media-849dbdc9-4c48-40a4-a859-8f5b71d57efa\">Pobierz<\/a><\/div>\n\n\n\n<p><strong>PLAC\u00d3WKI \u015aWI\u0104DCZ\u0104CE US\u0141UGI OPIEKUNCZO-LECZNICZE:<\/strong><\/p>\n\n\n\n<p><strong>Samodzielny Publiczny Zak\u0142ad Opieki Zdrowotnej MSWiA w Koszalinie<\/strong> Zak\u0142ad Piel\u0119gnacyjno-Opieku\u0144czy <br>Dla pacjent\u00f3w Wentylowanych Mechanicznie<br>ul. Szpitalna 2<br>75-720 Koszalin<br>Ilo\u015b\u0107 miejsc-46<\/p>\n\n\n\n<p><strong>Specjalistyczny Zesp\u00f3\u0142 Gru\u017alicy i Chor\u00f3b P\u0142uc<\/strong><br><strong>Zak\u0142ad Piel\u0119gnacyjno-Opieku\u0144czy<\/strong><br>ul. Niepodleg\u0142o\u015bci 44-48<br>75-252 Koszalin<br>Ilo\u015b\u0107 miejsc-27<\/p>\n\n\n\n<p><strong>Centrum Zdrowia Psychicznego MEDiSON<\/strong><br><strong>Oddzia\u0142 Opieku\u0144czo-Leczniczy Psychiatryczny dla Doros\u0142ych<\/strong><br>ul. Sarzy\u0144ska 9<br>75-819 Koszalin<br>Ilo\u015b\u0107 miejsc-15<\/p>\n\n\n\n<p><strong>PUBLICZNE DOMY POMOCY SPO\u0141ECZNEJ:<\/strong><\/p>\n\n\n\n<p><strong>DPS ,,Zielony Taras\u201d<\/strong><br>ul. Leonida Teligi 4<br>75-206 Koszalin<br>Ilo\u015b\u0107 miejsc-89<\/p>\n\n\n\n<p><strong>DPS Cetu\u0144<\/strong><br>Cetu\u0144 6<br>76-010 Polan\u00f3w<br>Ilo\u015b\u0107 miejsc-80<\/p>\n\n\n\n<p><strong>DPS im. Anselma Alojzego M\u0142odzika w Parsowie<\/strong><br>Parsowo 25<br>76-039 Parsowo<br>Ilo\u015b\u0107 miejsc-85<\/p>\n\n\n\n<p><strong>DPS w Mielnie<\/strong><br>ul. Spokojna 1\/3<br>76-032 Mielno<br>Ilo\u015b\u0107 miejsc-80<\/p>\n\n\n\n<p><strong>DPS w \u017bydowie<\/strong><br>\u017bydowo 111<br>76-012 \u017bydowo<br>Ilo\u015b\u0107 miejsc-215<\/p>\n\n\n\n<p><strong>DPS w Nowych Bielicach<\/strong><br>Nowe Bielice 1<br>76-039 Biesiekierz<br>Ilo\u015b\u0107 miejsc-142<\/p>\n\n\n\n<p><strong>DPS dla Dzieci i Doros\u0142ych prowadzony przez Siostry Pallotynki<\/strong><br>ul. Pionier\u00f3w 3<br>76-020 Bobolice<br>Ilo\u015b\u0107 miejsc-65<\/p>\n\n\n\n<p><strong>DPS Stowarzyszenie Pomocy ,,Przytulisko\u201d w Bia\u0142ogardzie<\/strong><br>Ul. \u015aw. Brata Alberta 1<br>78-200 Bia\u0142ogard<br>Ilo\u015b\u0107 miejsc-180<\/p>\n\n\n\n<p><strong>DPS we W\u0142o\u015bciborzu<\/strong><br>W\u0142o\u015bcib\u00f3rz 1<br>78-114 Wrzosowo<br>Gmina Dygowo, powiat Ko\u0142obrzeski<br>Ilo\u015b\u0107 miejsc-90<\/p>\n\n\n\n<p><strong>DPS W Go\u015bcinie<\/strong><br>ul. Karli\u0144ska 1<br>78-120 Go\u015bcino<br>Powiat Ko\u0142obrzeski<br>Ilo\u015b\u0107 miejsc-60<\/p>\n\n\n\n<p><strong>DPS w Ko\u0142obrzegu dla os\u00f3b niepe\u0142nosprawnych intelektualnie<\/strong><br>ul. Mazowiecka 29<br>78-100 Ko\u0142obrzeg<br>Ilo\u015b\u0107 miejsc-35<\/p>\n\n\n\n<p>Istnieje r\u00f3wnie\u017c mo\u017cliwo\u015b\u0107 umieszczenia osoby w plac\u00f3wkach prywatnych o por\u00f3wnywalnym miesi\u0119cznym koszcie utrzymania, informacje dotycz\u0105ce danych adresowych mo\u017cna pozyska\u0107 za pomoc\u0105 przegl\u0105darki internetowej.<\/p>\n\n\n\n<p><\/p>\n","protected":false},"excerpt":{"rendered":"<p>Dom Pomocy Spo\u0142ecznej, czyli DPS to plac\u00f3wka opieku\u0144cza dla os\u00f3b, kt\u00f3re wymagaj\u0105 ca\u0142odobowej opieki specjalistycznej. Do DPS-\u00f3w najcz\u0119\u015bciej trafiaj\u0105 osoby przewlekle chore, niepe\u0142nosprawne lub zmagaj\u0105ce si\u0119 z takimi chorobami podesz\u0142ego wieku jak demencja. DPS zapewnia zakwaterowanie, pomoc medyczn\u0105 i opiek\u0119&#8230; <a href=\"https:\/\/cus.bedzino.pl\/?page_id=340\" class=\"readmore\">Dowiedz si\u0119 wi\u0119cej<span class=\"screen-reader-text\">Domy pomocy spo\u0142ecznej<\/span><span class=\"fa fa-angle-double-right\" aria-hidden=\"true\"><\/span><\/a><\/p>\n","protected":false},"author":2,"featured_media":0,"parent":50,"menu_order":0,"comment_status":"closed","ping_status":"closed","template":"","meta":{"footnotes":""},"class_list":["post-340","page","type-page","status-publish","hentry"],"_links":{"self":[{"href":"https:\/\/cus.bedzino.pl\/index.php?rest_route=\/wp\/v2\/pages\/340","targetHints":{"allow":["GET"]}}],"collection":[{"href":"https:\/\/cus.bedzino.pl\/index.php?rest_route=\/wp\/v2\/pages"}],"about":[{"href":"https:\/\/cus.bedzino.pl\/index.php?rest_route=\/wp\/v2\/types\/page"}],"author":[{"embeddable":true,"href":"https:\/\/cus.bedzino.pl\/index.php?rest_route=\/wp\/v2\/users\/2"}],"replies":[{"embeddable":true,"href":"https:\/\/cus.bedzino.pl\/index.php?rest_route=%2Fwp%2Fv2%2Fcomments&post=340"}],"version-history":[{"count":4,"href":"https:\/\/cus.bedzino.pl\/index.php?rest_route=\/wp\/v2\/pages\/340\/revisions"}],"predecessor-version":[{"id":346,"href":"https:\/\/cus.bedzino.pl\/index.php?rest_route=\/wp\/v2\/pages\/340\/revisions\/346"}],"up":[{"embeddable":true,"href":"https:\/\/cus.bedzino.pl\/index.php?rest_route=\/wp\/v2\/pages\/50"}],"wp:attachment":[{"href":"https:\/\/cus.bedzino.pl\/index.php?rest_route=%2Fwp%2Fv2%2Fmedia&parent=340"}],"curies":[{"name":"wp","href":"https:\/\/api.w.org\/{rel}","templated":true}]}}