{"id":210,"date":"2025-01-01T21:01:23","date_gmt":"2025-01-01T20:01:23","guid":{"rendered":"https:\/\/cus.bedzino.pl\/?page_id=210"},"modified":"2025-01-01T21:01:23","modified_gmt":"2025-01-01T20:01:23","slug":"praca-socjalna","status":"publish","type":"page","link":"https:\/\/cus.bedzino.pl\/?page_id=210","title":{"rendered":"Praca socjalna"},"content":{"rendered":"\n<p>Praca socjalna \u015bwiadczona jest na rzecz poprawy funkcjonowania os\u00f3b i rodzin w ich \u015brodowisku spo\u0142ecznym. Prowadzona jest:<\/p>\n\n\n\n<ol class=\"wp-block-list\">\n<li>z osobami i rodzinami w celu rozwini\u0119cia lub wzmocnienia ich aktywno\u015bci i samodzielno\u015bci \u017cyciowej;<\/li>\n\n\n\n<li>ze spo\u0142eczno\u015bci\u0105 lokaln\u0105 w celu zapewnienia wsp\u00f3\u0142pracy i koordynacji dzia\u0142a\u0144 instytucji i organizacji istotnych dla zaspokajania potrzeb cz\u0142onk\u00f3w spo\u0142eczno\u015bci.<\/li>\n<\/ol>\n\n\n\n<p>Praca socjalna mo\u017ce by\u0107 prowadzona w oparciu o kontrakt socjalny lub projekt socjalny.<\/p>\n\n\n\n<p>W pracy socjalnej wykorzystuje si\u0119 w\u0142a\u015bciwe tej dzia\u0142alno\u015bci metody i techniki, stosowane z poszanowaniem godno\u015bci osoby i jej prawa do samostanowienia.<\/p>\n\n\n\n<p>Praca socjalna \u015bwiadczona jest osobom i rodzinom bez wzgl\u0119du na posiadany doch\u00f3d<\/p>\n","protected":false},"excerpt":{"rendered":"<p>Praca socjalna \u015bwiadczona jest na rzecz poprawy funkcjonowania os\u00f3b i rodzin w ich \u015brodowisku spo\u0142ecznym. Prowadzona jest: Praca socjalna mo\u017ce by\u0107 prowadzona w oparciu o kontrakt socjalny lub projekt socjalny. W pracy socjalnej wykorzystuje si\u0119 w\u0142a\u015bciwe tej dzia\u0142alno\u015bci metody i&#8230; <a href=\"https:\/\/cus.bedzino.pl\/?page_id=210\" class=\"readmore\">Dowiedz si\u0119 wi\u0119cej<span class=\"screen-reader-text\">Praca socjalna<\/span><span class=\"fa fa-angle-double-right\" aria-hidden=\"true\"><\/span><\/a><\/p>\n","protected":false},"author":2,"featured_media":0,"parent":50,"menu_order":0,"comment_status":"closed","ping_status":"closed","template":"","meta":{"footnotes":""},"class_list":["post-210","page","type-page","status-publish","hentry"],"_links":{"self":[{"href":"https:\/\/cus.bedzino.pl\/index.php?rest_route=\/wp\/v2\/pages\/210","targetHints":{"allow":["GET"]}}],"collection":[{"href":"https:\/\/cus.bedzino.pl\/index.php?rest_route=\/wp\/v2\/pages"}],"about":[{"href":"https:\/\/cus.bedzino.pl\/index.php?rest_route=\/wp\/v2\/types\/page"}],"author":[{"embeddable":true,"href":"https:\/\/cus.bedzino.pl\/index.php?rest_route=\/wp\/v2\/users\/2"}],"replies":[{"embeddable":true,"href":"https:\/\/cus.bedzino.pl\/index.php?rest_route=%2Fwp%2Fv2%2Fcomments&post=210"}],"version-history":[{"count":1,"href":"https:\/\/cus.bedzino.pl\/index.php?rest_route=\/wp\/v2\/pages\/210\/revisions"}],"predecessor-version":[{"id":212,"href":"https:\/\/cus.bedzino.pl\/index.php?rest_route=\/wp\/v2\/pages\/210\/revisions\/212"}],"up":[{"embeddable":true,"href":"https:\/\/cus.bedzino.pl\/index.php?rest_route=\/wp\/v2\/pages\/50"}],"wp:attachment":[{"href":"https:\/\/cus.bedzino.pl\/index.php?rest_route=%2Fwp%2Fv2%2Fmedia&parent=210"}],"curies":[{"name":"wp","href":"https:\/\/api.w.org\/{rel}","templated":true}]}}